{"id":464,"date":"2025-05-08T10:07:14","date_gmt":"2025-05-08T10:07:14","guid":{"rendered":"https:\/\/devel.arbalans.com\/?page_id=464"},"modified":"2025-10-24T10:47:57","modified_gmt":"2025-10-24T10:47:57","slug":"cooperation-and-delivery","status":"publish","type":"page","link":"\/eng\/koostoo-ja-kattetoimetamine\/","title":{"rendered":"Cooperation and delivery"},"content":{"rendered":"<div data-elementor-type=\"wp-page\" data-elementor-id=\"464\" class=\"elementor elementor-464\" data-elementor-settings=\"{&quot;ha_cmc_init_switcher&quot;:&quot;no&quot;}\">\n\t\t\t\t<div class=\"elementor-element elementor-element-ec02f5a e-flex e-con-boxed e-con e-parent\" data-id=\"ec02f5a\" data-element_type=\"container\" data-e-type=\"container\" data-settings=\"{&quot;_ha_eqh_enable&quot;:false}\">\n\t\t\t\t\t<div class=\"e-con-inner\">\n\t\t\t\t<div class=\"elementor-element elementor-element-fcd014e elementor-widget elementor-widget-spacer\" data-id=\"fcd014e\" data-element_type=\"widget\" data-e-type=\"widget\" data-widget_type=\"spacer.default\">\n\t\t\t\t\t\t\t<div class=\"elementor-spacer\">\n\t\t\t<div class=\"elementor-spacer-inner\"><\/div>\n\t\t<\/div>\n\t\t\t\t\t\t<\/div>\n\t\t<div class=\"elementor-element elementor-element-2d93501 e-flex e-con-boxed e-con e-child\" data-id=\"2d93501\" data-element_type=\"container\" data-e-type=\"container\" data-settings=\"{&quot;background_background&quot;:&quot;classic&quot;,&quot;_ha_eqh_enable&quot;:false}\">\n\t\t\t\t\t<div class=\"e-con-inner\">\n\t\t\t\t<div class=\"elementor-element elementor-element-8ddd0f5 elementor-widget elementor-widget-heading\" data-id=\"8ddd0f5\" data-element_type=\"widget\" data-e-type=\"widget\" data-widget_type=\"heading.default\">\n\t\t\t\t\t<h3 class=\"elementor-heading-title elementor-size-default\">Opportunities for accountants to work together <\/h3>\t\t\t\t<\/div>\n\t\t\t\t<div class=\"elementor-element elementor-element-4bce467 elementor-widget elementor-widget-text-editor\" data-id=\"4bce467\" data-element_type=\"widget\" data-e-type=\"widget\" data-widget_type=\"text-editor.default\">\n\t\t\t\t\t\t\t\t\t<p>We offer the opportunity for accounting firms to join us as partners.<br>You will continue to serve new customers from Arbalans under the \"Arbalans\" brand.<\/p>\n<p>By Arbalans:<\/p>\n<ul>\n<li>Marketing, advertising and new customers to serve<\/li>\n<li>Web-based server access - office software, email, business software<\/li>\n<li>Professional accountant liability insurance<\/li>\n<li>The opportunity to use a modern working environment 1-2 times a week to meet with clients<\/li>\n<li>Support and feedback from the Head of Department<\/li>\n<li>Guaranteed fair remuneration agreed as % of the contract amount<\/li>\n<li>Checking the quality of the service and compliance with service volumes<\/li>\n<\/ul>\n<p>Who is the cooperation offer targeted at?<\/p>\n<p>For an accounting firm that serves several clients, as none of them individually could create a salaried accountant position.<\/p>\n<ul>\n<li>Work takes place on different days with different clients<\/li>\n<li>Work is done in the home office(s) and clients bring or send their own day work to the office<\/li>\n<\/ul>\n<p>N.B. The partner company will carry out the contract using its own equipment (home office; telephone; networked computer; use of car, etc.).<\/p>\n<p>Requirements for the candidate<\/p>\n<ul>\n<li>Previous work experience as an accountant<\/li>\n<li>Very good knowledge of Estonian and Russian<\/li>\n<li>Good energy, conscientiousness and punctuality<\/li>\n<\/ul>\n<h6><span style=\"font-weight: normal;\"><span style=\"color: #ff0000;\">If you are already an accountant at Arbalans, here is a link to the&nbsp;<\/span><a href=\"https:\/\/intranet.arbalans.ee\/\">accountant's work environment.<\/a><\/span><\/h6>\n<h6>&nbsp;<\/h6>\t\t\t\t\t\t\t\t<\/div>\n\t\t\t\t\t<\/div>\n\t\t\t\t<\/div>\n\t\t\t\t\t<\/div>\n\t\t\t\t<\/div>\n\t\t<div class=\"elementor-element elementor-element-1840055 e-flex e-con-boxed e-con e-parent\" data-id=\"1840055\" data-element_type=\"container\" data-e-type=\"container\" data-settings=\"{&quot;_ha_eqh_enable&quot;:false}\">\n\t\t\t\t\t<div class=\"e-con-inner\">\n\t\t\t\t<div class=\"elementor-element elementor-element-8467cff elementor-widget elementor-widget-spacer\" data-id=\"8467cff\" data-element_type=\"widget\" data-e-type=\"widget\" data-widget_type=\"spacer.default\">\n\t\t\t\t\t\t\t<div class=\"elementor-spacer\">\n\t\t\t<div class=\"elementor-spacer-inner\"><\/div>\n\t\t<\/div>\n\t\t\t\t\t\t<\/div>\n\t\t\t\t\t<\/div>\n\t\t\t\t<\/div>\n\t\t\t\t<\/div>","protected":false},"excerpt":{"rendered":"<p>Koost\u00f6\u00f6v\u00f5imalus raamatupidajatele Pakume v\u00f5imalust&nbsp;raamatupidamisteenuseid osutavatele firmadele&nbsp;liituda meiega kui partnerid.Teie teenindate Arbalansilt saadavaid uusi kliente edasi n\u00fc\u00fcd juba kaubam\u00e4rgi \u201cArbalans\u201d all. [&hellip;]<\/p>\n","protected":false},"author":2,"featured_media":63,"parent":0,"menu_order":0,"comment_status":"closed","ping_status":"closed","template":"","meta":{"site-sidebar-layout":"no-sidebar","site-content-layout":"","ast-site-content-layout":"full-width-container","site-content-style":"default","site-sidebar-style":"default","ast-global-header-display":"","ast-banner-title-visibility":"","ast-main-header-display":"","ast-hfb-above-header-display":"","ast-hfb-below-header-display":"","ast-hfb-mobile-header-display":"","site-post-title":"disabled","ast-breadcrumbs-content":"","ast-featured-img":"disabled","footer-sml-layout":"","theme-transparent-header-meta":"","adv-header-id-meta":"","stick-header-meta":"","header-above-stick-meta":"","header-main-stick-meta":"","header-below-stick-meta":"","astra-migrate-meta-layouts":"default","ast-page-background-enabled":"default","ast-page-background-meta":{"desktop":{"background-color":"var(--ast-global-color-5)","background-image":"","background-repeat":"repeat","background-position":"center center","background-size":"auto","background-attachment":"scroll","background-type":"","background-media":"","overlay-type":"","overlay-color":"","overlay-opacity":"","overlay-gradient":""},"tablet":{"background-color":"","background-image":"","background-repeat":"repeat","background-position":"center center","background-size":"auto","background-attachment":"scroll","background-type":"","background-media":"","overlay-type":"","overlay-color":"","overlay-opacity":"","overlay-gradient":""},"mobile":{"background-color":"","background-image":"","background-repeat":"repeat","background-position":"center center","background-size":"auto","background-attachment":"scroll","background-type":"","background-media":"","overlay-type":"","overlay-color":"","overlay-opacity":"","overlay-gradient":""}},"ast-content-background-meta":{"desktop":{"background-color":"var(--ast-global-color-4)","background-image":"","background-repeat":"repeat","background-position":"center center","background-size":"auto","background-attachment":"scroll","background-type":"","background-media":"","overlay-type":"","overlay-color":"","overlay-opacity":"","overlay-gradient":""},"tablet":{"background-color":"var(--ast-global-color-4)","background-image":"","background-repeat":"repeat","background-position":"center center","background-size":"auto","background-attachment":"scroll","background-type":"","background-media":"","overlay-type":"","overlay-color":"","overlay-opacity":"","overlay-gradient":""},"mobile":{"background-color":"var(--ast-global-color-4)","background-image":"","background-repeat":"repeat","background-position":"center center","background-size":"auto","background-attachment":"scroll","background-type":"","background-media":"","overlay-type":"","overlay-color":"","overlay-opacity":"","overlay-gradient":""}},"footnotes":""},"class_list":["post-464","page","type-page","status-publish","has-post-thumbnail","hentry"],"_links":{"self":[{"href":"\/eng\/wp-json\/wp\/v2\/pages\/464","targetHints":{"allow":["GET"]}}],"collection":[{"href":"\/eng\/wp-json\/wp\/v2\/pages"}],"about":[{"href":"\/eng\/wp-json\/wp\/v2\/types\/page"}],"author":[{"embeddable":true,"href":"\/eng\/wp-json\/wp\/v2\/users\/2"}],"replies":[{"embeddable":true,"href":"\/eng\/wp-json\/wp\/v2\/comments?post=464"}],"version-history":[{"count":5,"href":"\/eng\/wp-json\/wp\/v2\/pages\/464\/revisions"}],"predecessor-version":[{"id":4638,"href":"\/eng\/wp-json\/wp\/v2\/pages\/464\/revisions\/4638"}],"wp:featuredmedia":[{"embeddable":true,"href":"\/eng\/wp-json\/wp\/v2\/media\/63"}],"wp:attachment":[{"href":"\/eng\/wp-json\/wp\/v2\/media?parent=464"}],"curies":[{"name":"wp","href":"https:\/\/api.w.org\/{rel}","templated":true}]}}