{"id":464,"date":"2025-05-08T10:07:14","date_gmt":"2025-05-08T10:07:14","guid":{"rendered":"https:\/\/devel.arbalans.com\/?page_id=464"},"modified":"2025-10-24T10:47:57","modified_gmt":"2025-10-24T10:47:57","slug":"%d1%81%d0%be%d1%82%d1%80%d1%83%d0%b4%d0%bd%d0%b8%d1%87%d0%b5%d1%81%d1%82%d0%b2%d0%be-%d0%b8-%d0%b4%d0%be%d1%81%d1%82%d0%b0%d0%b2%d0%ba%d0%b0","status":"publish","type":"page","link":"\/rus\/koostoo-ja-kattetoimetamine\/","title":{"rendered":"\u0421\u043e\u0442\u0440\u0443\u0434\u043d\u0438\u0447\u0435\u0441\u0442\u0432\u043e \u0438 \u0434\u043e\u0441\u0442\u0430\u0432\u043a\u0430"},"content":{"rendered":"<div data-elementor-type=\"wp-page\" data-elementor-id=\"464\" class=\"elementor elementor-464\" data-elementor-settings=\"{&quot;ha_cmc_init_switcher&quot;:&quot;no&quot;}\">\n\t\t\t\t<div class=\"elementor-element elementor-element-ec02f5a e-flex e-con-boxed e-con e-parent\" data-id=\"ec02f5a\" data-element_type=\"container\" data-e-type=\"container\" data-settings=\"{&quot;_ha_eqh_enable&quot;:false}\">\n\t\t\t\t\t<div class=\"e-con-inner\">\n\t\t\t\t<div class=\"elementor-element elementor-element-fcd014e elementor-widget elementor-widget-spacer\" data-id=\"fcd014e\" data-element_type=\"widget\" data-e-type=\"widget\" data-widget_type=\"spacer.default\">\n\t\t\t\t\t\t\t<div class=\"elementor-spacer\">\n\t\t\t<div class=\"elementor-spacer-inner\"><\/div>\n\t\t<\/div>\n\t\t\t\t\t\t<\/div>\n\t\t<div class=\"elementor-element elementor-element-2d93501 e-flex e-con-boxed e-con e-child\" data-id=\"2d93501\" data-element_type=\"container\" data-e-type=\"container\" data-settings=\"{&quot;background_background&quot;:&quot;classic&quot;,&quot;_ha_eqh_enable&quot;:false}\">\n\t\t\t\t\t<div class=\"e-con-inner\">\n\t\t\t\t<div class=\"elementor-element elementor-element-8ddd0f5 elementor-widget elementor-widget-heading\" data-id=\"8ddd0f5\" data-element_type=\"widget\" data-e-type=\"widget\" data-widget_type=\"heading.default\">\n\t\t\t\t\t<h3 class=\"elementor-heading-title elementor-size-default\">\u0412\u043e\u0437\u043c\u043e\u0436\u043d\u043e\u0441\u0442\u0438 \u0434\u043b\u044f \u0441\u043e\u0432\u043c\u0435\u0441\u0442\u043d\u043e\u0439 \u0440\u0430\u0431\u043e\u0442\u044b \u0431\u0443\u0445\u0433\u0430\u043b\u0442\u0435\u0440\u043e\u0432 <\/h3>\t\t\t\t<\/div>\n\t\t\t\t<div class=\"elementor-element elementor-element-4bce467 elementor-widget elementor-widget-text-editor\" data-id=\"4bce467\" data-element_type=\"widget\" data-e-type=\"widget\" data-widget_type=\"text-editor.default\">\n\t\t\t\t\t\t\t\t\t<p>\u041c\u044b \u043f\u0440\u0435\u0434\u043b\u0430\u0433\u0430\u0435\u043c \u0431\u0443\u0445\u0433\u0430\u043b\u0442\u0435\u0440\u0441\u043a\u0438\u043c \u0444\u0438\u0440\u043c\u0430\u043c \u0432\u043e\u0437\u043c\u043e\u0436\u043d\u043e\u0441\u0442\u044c \u043f\u0440\u0438\u0441\u043e\u0435\u0434\u0438\u043d\u0438\u0442\u044c\u0441\u044f \u043a \u043d\u0430\u043c \u0432 \u043a\u0430\u0447\u0435\u0441\u0442\u0432\u0435 \u043f\u0430\u0440\u0442\u043d\u0435\u0440\u043e\u0432.<br>\u0412\u044b \u043f\u0440\u043e\u0434\u043e\u043b\u0436\u0438\u0442\u0435 \u043e\u0431\u0441\u043b\u0443\u0436\u0438\u0432\u0430\u0442\u044c \u043d\u043e\u0432\u044b\u0445 \u043a\u043b\u0438\u0435\u043d\u0442\u043e\u0432 \u0438\u0437 Arbalans \u043f\u043e\u0434 \u0431\u0440\u0435\u043d\u0434\u043e\u043c \"Arbalans\".<\/p>\n<p>\u041e\u0442 \u043a\u043e\u043c\u043f\u0430\u043d\u0438\u0438 Arbalans:<\/p>\n<ul>\n<li>\u041c\u0430\u0440\u043a\u0435\u0442\u0438\u043d\u0433, \u0440\u0435\u043a\u043b\u0430\u043c\u0430 \u0438 \u043d\u043e\u0432\u044b\u0435 \u043a\u043b\u0438\u0435\u043d\u0442\u044b \u0434\u043b\u044f \u043e\u0431\u0441\u043b\u0443\u0436\u0438\u0432\u0430\u043d\u0438\u044f<\/li>\n<li>\u0414\u043e\u0441\u0442\u0443\u043f \u043a \u0432\u0435\u0431-\u0441\u0435\u0440\u0432\u0435\u0440\u0443 - \u043e\u0444\u0438\u0441\u043d\u044b\u0435 \u043f\u0440\u043e\u0433\u0440\u0430\u043c\u043c\u044b, \u044d\u043b\u0435\u043a\u0442\u0440\u043e\u043d\u043d\u0430\u044f \u043f\u043e\u0447\u0442\u0430, \u0434\u0435\u043b\u043e\u0432\u043e\u0435 \u043f\u0440\u043e\u0433\u0440\u0430\u043c\u043c\u043d\u043e\u0435 \u043e\u0431\u0435\u0441\u043f\u0435\u0447\u0435\u043d\u0438\u0435<\/li>\n<li>\u0421\u0442\u0440\u0430\u0445\u043e\u0432\u0430\u043d\u0438\u0435 \u043e\u0442\u0432\u0435\u0442\u0441\u0442\u0432\u0435\u043d\u043d\u043e\u0441\u0442\u0438 \u043f\u0440\u043e\u0444\u0435\u0441\u0441\u0438\u043e\u043d\u0430\u043b\u044c\u043d\u043e\u0433\u043e \u0431\u0443\u0445\u0433\u0430\u043b\u0442\u0435\u0440\u0430<\/li>\n<li>\u0412\u043e\u0437\u043c\u043e\u0436\u043d\u043e\u0441\u0442\u044c \u0438\u0441\u043f\u043e\u043b\u044c\u0437\u043e\u0432\u0430\u0442\u044c \u0441\u043e\u0432\u0440\u0435\u043c\u0435\u043d\u043d\u0443\u044e \u0440\u0430\u0431\u043e\u0447\u0443\u044e \u0441\u0440\u0435\u0434\u0443 1-2 \u0440\u0430\u0437\u0430 \u0432 \u043d\u0435\u0434\u0435\u043b\u044e \u0434\u043b\u044f \u0432\u0441\u0442\u0440\u0435\u0447 \u0441 \u043a\u043b\u0438\u0435\u043d\u0442\u0430\u043c\u0438<\/li>\n<li>\u041f\u043e\u0434\u0434\u0435\u0440\u0436\u043a\u0430 \u0438 \u043e\u0431\u0440\u0430\u0442\u043d\u0430\u044f \u0441\u0432\u044f\u0437\u044c \u043e\u0442 \u0440\u0443\u043a\u043e\u0432\u043e\u0434\u0438\u0442\u0435\u043b\u044f \u043e\u0442\u0434\u0435\u043b\u0430<\/li>\n<li>\u0413\u0430\u0440\u0430\u043d\u0442\u0438\u0440\u043e\u0432\u0430\u043d\u043d\u043e\u0435 \u0441\u043f\u0440\u0430\u0432\u0435\u0434\u043b\u0438\u0432\u043e\u0435 \u0432\u043e\u0437\u043d\u0430\u0433\u0440\u0430\u0436\u0434\u0435\u043d\u0438\u0435, \u0441\u043e\u0433\u043b\u0430\u0441\u043e\u0432\u0430\u043d\u043d\u043e\u0435 \u043a\u0430\u043a % \u043e\u0442 \u0441\u0443\u043c\u043c\u044b \u043a\u043e\u043d\u0442\u0440\u0430\u043a\u0442\u0430<\/li>\n<li>\u041f\u0440\u043e\u0432\u0435\u0440\u043a\u0430 \u043a\u0430\u0447\u0435\u0441\u0442\u0432\u0430 \u043e\u0431\u0441\u043b\u0443\u0436\u0438\u0432\u0430\u043d\u0438\u044f \u0438 \u0441\u043e\u0431\u043b\u044e\u0434\u0435\u043d\u0438\u044f \u043e\u0431\u044a\u0435\u043c\u043e\u0432 \u0443\u0441\u043b\u0443\u0433<\/li>\n<\/ul>\n<p>\u041a\u043e\u043c\u0443 \u0430\u0434\u0440\u0435\u0441\u043e\u0432\u0430\u043d\u043e \u043f\u0440\u0435\u0434\u043b\u043e\u0436\u0435\u043d\u0438\u0435 \u043e \u0441\u043e\u0442\u0440\u0443\u0434\u043d\u0438\u0447\u0435\u0441\u0442\u0432\u0435?<\/p>\n<p>\u0414\u043b\u044f \u0431\u0443\u0445\u0433\u0430\u043b\u0442\u0435\u0440\u0441\u043a\u043e\u0439 \u0444\u0438\u0440\u043c\u044b, \u043e\u0431\u0441\u043b\u0443\u0436\u0438\u0432\u0430\u044e\u0449\u0435\u0439 \u043d\u0435\u0441\u043a\u043e\u043b\u044c\u043a\u043e \u043a\u043b\u0438\u0435\u043d\u0442\u043e\u0432, \u043f\u043e\u0441\u043a\u043e\u043b\u044c\u043a\u0443 \u043d\u0438 \u043e\u0434\u0438\u043d \u0438\u0437 \u043d\u0438\u0445 \u043f\u043e \u043e\u0442\u0434\u0435\u043b\u044c\u043d\u043e\u0441\u0442\u0438 \u043d\u0435 \u043c\u043e\u0436\u0435\u0442 \u0441\u043e\u0437\u0434\u0430\u0442\u044c \u0434\u043e\u043b\u0436\u043d\u043e\u0441\u0442\u044c \u043d\u0430\u0435\u043c\u043d\u043e\u0433\u043e \u0431\u0443\u0445\u0433\u0430\u043b\u0442\u0435\u0440\u0430.<\/p>\n<ul>\n<li>\u0420\u0430\u0431\u043e\u0442\u0430 \u0432\u0435\u0434\u0435\u0442\u0441\u044f \u0432 \u0440\u0430\u0437\u043d\u044b\u0435 \u0434\u043d\u0438 \u0441 \u0440\u0430\u0437\u043d\u044b\u043c\u0438 \u043a\u043b\u0438\u0435\u043d\u0442\u0430\u043c\u0438<\/li>\n<li>\u0420\u0430\u0431\u043e\u0442\u0430 \u0432\u0435\u0434\u0435\u0442\u0441\u044f \u0432 \u0434\u043e\u043c\u0430\u0448\u043d\u0435\u043c \u043e\u0444\u0438\u0441\u0435 (\u043e\u0444\u0438\u0441\u0430\u0445), \u0430 \u043a\u043b\u0438\u0435\u043d\u0442\u044b \u043f\u0440\u0438\u043d\u043e\u0441\u044f\u0442 \u0438\u043b\u0438 \u043f\u0440\u0438\u0441\u044b\u043b\u0430\u044e\u0442 \u0432 \u043e\u0444\u0438\u0441 \u0441\u0432\u043e\u044e \u0434\u043d\u0435\u0432\u043d\u0443\u044e \u0440\u0430\u0431\u043e\u0442\u0443<\/li>\n<\/ul>\n<p>N.B. \u041a\u043e\u043c\u043f\u0430\u043d\u0438\u044f-\u043f\u0430\u0440\u0442\u043d\u0435\u0440 \u0431\u0443\u0434\u0435\u0442 \u0432\u044b\u043f\u043e\u043b\u043d\u044f\u0442\u044c \u043a\u043e\u043d\u0442\u0440\u0430\u043a\u0442, \u0438\u0441\u043f\u043e\u043b\u044c\u0437\u0443\u044f \u0441\u0432\u043e\u0435 \u0441\u043e\u0431\u0441\u0442\u0432\u0435\u043d\u043d\u043e\u0435 \u043e\u0431\u043e\u0440\u0443\u0434\u043e\u0432\u0430\u043d\u0438\u0435 (\u0434\u043e\u043c\u0430\u0448\u043d\u0438\u0439 \u043e\u0444\u0438\u0441; \u0442\u0435\u043b\u0435\u0444\u043e\u043d; \u0441\u0435\u0442\u0435\u0432\u043e\u0439 \u043a\u043e\u043c\u043f\u044c\u044e\u0442\u0435\u0440; \u0438\u0441\u043f\u043e\u043b\u044c\u0437\u043e\u0432\u0430\u043d\u0438\u0435 \u0430\u0432\u0442\u043e\u043c\u043e\u0431\u0438\u043b\u044f \u0438 \u0442.\u0434.).<\/p>\n<p>\u0422\u0440\u0435\u0431\u043e\u0432\u0430\u043d\u0438\u044f \u043a \u043a\u0430\u043d\u0434\u0438\u0434\u0430\u0442\u0443<\/p>\n<ul>\n<li>\u041f\u0440\u0435\u0434\u044b\u0434\u0443\u0449\u0438\u0439 \u043e\u043f\u044b\u0442 \u0440\u0430\u0431\u043e\u0442\u044b \u0431\u0443\u0445\u0433\u0430\u043b\u0442\u0435\u0440\u043e\u043c.<\/li>\n<li>\u041e\u0447\u0435\u043d\u044c \u0445\u043e\u0440\u043e\u0448\u0435\u0435 \u0437\u043d\u0430\u043d\u0438\u0435 \u044d\u0441\u0442\u043e\u043d\u0441\u043a\u043e\u0433\u043e \u0438 \u0440\u0443\u0441\u0441\u043a\u043e\u0433\u043e \u044f\u0437\u044b\u043a\u043e\u0432<\/li>\n<li>\u042d\u043d\u0435\u0440\u0433\u0438\u0447\u043d\u043e\u0441\u0442\u044c, \u0434\u043e\u0431\u0440\u043e\u0441\u043e\u0432\u0435\u0441\u0442\u043d\u043e\u0441\u0442\u044c \u0438 \u043f\u0443\u043d\u043a\u0442\u0443\u0430\u043b\u044c\u043d\u043e\u0441\u0442\u044c<\/li>\n<\/ul>\n<h6><span style=\"font-weight: normal;\"><span style=\"color: #ff0000;\">\u0415\u0441\u043b\u0438 \u0432\u044b \u0443\u0436\u0435 \u0440\u0430\u0431\u043e\u0442\u0430\u0435\u0442\u0435 \u0431\u0443\u0445\u0433\u0430\u043b\u0442\u0435\u0440\u043e\u043c \u0432 \u043a\u043e\u043c\u043f\u0430\u043d\u0438\u0438 Arbalans, \u0432\u043e\u0442 \u0441\u0441\u044b\u043b\u043a\u0430 \u043d\u0430&nbsp;<\/span><a href=\"https:\/\/intranet.arbalans.ee\/\">\u0440\u0430\u0431\u043e\u0447\u0443\u044e \u0441\u0440\u0435\u0434\u0443 \u0431\u0443\u0445\u0433\u0430\u043b\u0442\u0435\u0440\u0430.<\/a><\/span><\/h6>\n<h6>&nbsp;<\/h6>\t\t\t\t\t\t\t\t<\/div>\n\t\t\t\t\t<\/div>\n\t\t\t\t<\/div>\n\t\t\t\t\t<\/div>\n\t\t\t\t<\/div>\n\t\t<div class=\"elementor-element elementor-element-1840055 e-flex e-con-boxed e-con e-parent\" data-id=\"1840055\" data-element_type=\"container\" data-e-type=\"container\" data-settings=\"{&quot;_ha_eqh_enable&quot;:false}\">\n\t\t\t\t\t<div class=\"e-con-inner\">\n\t\t\t\t<div class=\"elementor-element elementor-element-8467cff elementor-widget elementor-widget-spacer\" data-id=\"8467cff\" data-element_type=\"widget\" data-e-type=\"widget\" data-widget_type=\"spacer.default\">\n\t\t\t\t\t\t\t<div class=\"elementor-spacer\">\n\t\t\t<div class=\"elementor-spacer-inner\"><\/div>\n\t\t<\/div>\n\t\t\t\t\t\t<\/div>\n\t\t\t\t\t<\/div>\n\t\t\t\t<\/div>\n\t\t\t\t<\/div>","protected":false},"excerpt":{"rendered":"<p>Koost\u00f6\u00f6v\u00f5imalus raamatupidajatele Pakume v\u00f5imalust&nbsp;raamatupidamisteenuseid osutavatele firmadele&nbsp;liituda meiega kui partnerid.Teie teenindate Arbalansilt saadavaid uusi kliente edasi n\u00fc\u00fcd juba kaubam\u00e4rgi \u201cArbalans\u201d all. [&hellip;]<\/p>\n","protected":false},"author":2,"featured_media":63,"parent":0,"menu_order":0,"comment_status":"closed","ping_status":"closed","template":"","meta":{"site-sidebar-layout":"no-sidebar","site-content-layout":"","ast-site-content-layout":"full-width-container","site-content-style":"default","site-sidebar-style":"default","ast-global-header-display":"","ast-banner-title-visibility":"","ast-main-header-display":"","ast-hfb-above-header-display":"","ast-hfb-below-header-display":"","ast-hfb-mobile-header-display":"","site-post-title":"disabled","ast-breadcrumbs-content":"","ast-featured-img":"disabled","footer-sml-layout":"","theme-transparent-header-meta":"","adv-header-id-meta":"","stick-header-meta":"","header-above-stick-meta":"","header-main-stick-meta":"","header-below-stick-meta":"","astra-migrate-meta-layouts":"default","ast-page-background-enabled":"default","ast-page-background-meta":{"desktop":{"background-color":"var(--ast-global-color-5)","background-image":"","background-repeat":"repeat","background-position":"center center","background-size":"auto","background-attachment":"scroll","background-type":"","background-media":"","overlay-type":"","overlay-color":"","overlay-opacity":"","overlay-gradient":""},"tablet":{"background-color":"","background-image":"","background-repeat":"repeat","background-position":"center center","background-size":"auto","background-attachment":"scroll","background-type":"","background-media":"","overlay-type":"","overlay-color":"","overlay-opacity":"","overlay-gradient":""},"mobile":{"background-color":"","background-image":"","background-repeat":"repeat","background-position":"center center","background-size":"auto","background-attachment":"scroll","background-type":"","background-media":"","overlay-type":"","overlay-color":"","overlay-opacity":"","overlay-gradient":""}},"ast-content-background-meta":{"desktop":{"background-color":"var(--ast-global-color-4)","background-image":"","background-repeat":"repeat","background-position":"center center","background-size":"auto","background-attachment":"scroll","background-type":"","background-media":"","overlay-type":"","overlay-color":"","overlay-opacity":"","overlay-gradient":""},"tablet":{"background-color":"var(--ast-global-color-4)","background-image":"","background-repeat":"repeat","background-position":"center center","background-size":"auto","background-attachment":"scroll","background-type":"","background-media":"","overlay-type":"","overlay-color":"","overlay-opacity":"","overlay-gradient":""},"mobile":{"background-color":"var(--ast-global-color-4)","background-image":"","background-repeat":"repeat","background-position":"center center","background-size":"auto","background-attachment":"scroll","background-type":"","background-media":"","overlay-type":"","overlay-color":"","overlay-opacity":"","overlay-gradient":""}},"footnotes":""},"class_list":["post-464","page","type-page","status-publish","has-post-thumbnail","hentry"],"_links":{"self":[{"href":"\/rus\/wp-json\/wp\/v2\/pages\/464","targetHints":{"allow":["GET"]}}],"collection":[{"href":"\/rus\/wp-json\/wp\/v2\/pages"}],"about":[{"href":"\/rus\/wp-json\/wp\/v2\/types\/page"}],"author":[{"embeddable":true,"href":"\/rus\/wp-json\/wp\/v2\/users\/2"}],"replies":[{"embeddable":true,"href":"\/rus\/wp-json\/wp\/v2\/comments?post=464"}],"version-history":[{"count":5,"href":"\/rus\/wp-json\/wp\/v2\/pages\/464\/revisions"}],"predecessor-version":[{"id":4638,"href":"\/rus\/wp-json\/wp\/v2\/pages\/464\/revisions\/4638"}],"wp:featuredmedia":[{"embeddable":true,"href":"\/rus\/wp-json\/wp\/v2\/media\/63"}],"wp:attachment":[{"href":"\/rus\/wp-json\/wp\/v2\/media?parent=464"}],"curies":[{"name":"wp","href":"https:\/\/api.w.org\/{rel}","templated":true}]}}